{"id":111,"date":"2021-03-19T15:02:16","date_gmt":"2021-03-19T14:02:16","guid":{"rendered":"http:\/\/192.168.64.2\/dashboard\/mes%20wordpress\/StudioByClo\/?page_id=111"},"modified":"2026-04-07T02:19:26","modified_gmt":"2026-04-06T16:19:26","slug":"servicestarifs","status":"publish","type":"page","link":"https:\/\/studiobyclo.com\/en\/servicestarifs\/","title":{"rendered":"Services &amp; Prices"},"content":{"rendered":"<p><\/p>\n\n\n\n<h1 class=\"wp-block-heading has-text-align-center\">Professional photographer in Montreal \u2014 My services &amp; rates<\/h1>\n\n\n\n<p class=\"has-text-align-center\">I offer personalized portrait and photo therapy sessions. <br>Based in <strong>Montreal<\/strong>, I am available anywhere on the island to capture your important moments.<\/p>\n\n\n\n<p class=\"has-text-align-center\">You will find my detailed packages, transparent pricing and what is included in each session. <br>For any special request or custom project, please do not hesitate to contact me for a personalized quote.<\/p>\n\n\n\n<p class=\"has-text-align-center\"> <strong>Ready to book?<\/strong> Check out my packages below!<\/p>\n\n\n\n<hr class=\"wp-block-separator has-alpha-channel-opacity is-style-default\"\/>\n\n\n\n<p><\/p>\n\n\n\n<h2 class=\"wp-block-heading has-text-align-center\" style=\"font-size:30px\"><strong>Portrait \/ Couple \/ Lifestyle \/ Family \/ Maternity<\/strong><\/h2>\n\n\n\n<div class=\"wp-block-media-text alignwide has-media-on-the-right is-stacked-on-mobile\" style=\"grid-template-columns:auto 31%\"><div class=\"wp-block-media-text__content\">\n<p>Who are the portrait sessions for: <br>&#8211; <strong><em>Individual portrait<\/em><\/strong>: social networks, dating platform, personal photo album\u2026<br>&#8211; <strong><em>Profesional portrait<\/em><\/strong>: to update your photo on LinkedIn, Facebook, etc.<br>&#8211; <strong><em>Couple photos<\/em><\/strong>: to capture a proposal or simply take photos of the two of you<br>&#8211; <strong><em>Lifestyle photos<\/em><\/strong> : for a more staged style, for an activity (sporting, artistic), for a small event<br>&#8211; <strong><em>Family\/children photos<\/em><\/strong>: to make a family album, to offer as a Christmas gift<br>&#8211; <strong><em>Maternity photos<\/em><\/strong>: to remember your pregnancy<\/p>\n\n\n\n<p class=\"has-text-align-center\"><em>Check out my gallery <a href=\"https:\/\/studiobyclo.com\/en\/portrait\/\">Portraits<\/a><\/em><\/p>\n<\/div><figure class=\"wp-block-media-text__media\"><img loading=\"lazy\" decoding=\"async\" width=\"683\" height=\"1024\" src=\"https:\/\/studiobyclo.com\/wp-content\/uploads\/2024\/12\/Portfolio-2024-1-6-683x1024.jpg\" alt=\"Photographe Montr\u00e9al tarifs portrait\" class=\"wp-image-479 size-full\" srcset=\"https:\/\/studiobyclo.com\/wp-content\/uploads\/2024\/12\/Portfolio-2024-1-6-683x1024.jpg 683w, https:\/\/studiobyclo.com\/wp-content\/uploads\/2024\/12\/Portfolio-2024-1-6-200x300.jpg 200w, https:\/\/studiobyclo.com\/wp-content\/uploads\/2024\/12\/Portfolio-2024-1-6-768x1152.jpg 768w, https:\/\/studiobyclo.com\/wp-content\/uploads\/2024\/12\/Portfolio-2024-1-6-1024x1536.jpg 1024w, https:\/\/studiobyclo.com\/wp-content\/uploads\/2024\/12\/Portfolio-2024-1-6-1365x2048.jpg 1365w, https:\/\/studiobyclo.com\/wp-content\/uploads\/2024\/12\/Portfolio-2024-1-6-scaled.jpg 1707w\" sizes=\"auto, (max-width: 683px) 100vw, 683px\" \/><\/figure><\/div>\n\n\n\n<p><\/p>\n\n\n\n<div class=\"wp-block-columns is-layout-flex wp-container-core-columns-is-layout-9d6595d7 wp-block-columns-is-layout-flex\">\n<div class=\"wp-block-column is-layout-flow wp-block-column-is-layout-flow\">\n<p><\/p>\n\n\n\n<p class=\"has-text-align-center\"><strong>The Mini<\/strong><br><br><strong>Duration<\/strong> : 30 minutes<br><strong>Number of photos<\/strong> : <br>5 HD photos retouched <br><strong>Price<\/strong> : 150$CA<\/p>\n<\/div>\n\n\n\n<div class=\"wp-block-column is-layout-flow wp-block-column-is-layout-flow\">\n<p><\/p>\n\n\n\n<p class=\"has-text-align-center\"><strong>The Classic<\/strong><br><strong><br>Duration<\/strong> : 1 hour<br><strong>Number of photos<\/strong> : <br>10 HD photos retouched <br><strong>Price<\/strong> : 200$CA<\/p>\n<\/div>\n\n\n\n<div class=\"wp-block-column is-layout-flow wp-block-column-is-layout-flow\">\n<p><\/p>\n\n\n\n<p class=\"has-text-align-center\"><strong>The Premium<\/strong><br><strong><br>Duration<\/strong> : 2 hours<br><strong>Number of photos<\/strong> : <br>20 HD photos retouched <br><strong>Price<\/strong> : 280$CA<\/p>\n<\/div>\n<\/div>\n\n\n\n<p class=\"has-text-align-center\"><strong><em>Additional photo prices for all packages: <\/em><br><\/strong><em>1 additional photo: CA$15<br>10 additional photos: CA$120<br>20 additional photos: CA$200<\/em><br><strong><em>Black &amp; White Options:<\/em><\/strong><br><em>+5$ \/ photo, maximum 50$<\/em><\/p>\n\n\n\n<p class=\"has-text-align-center\"><em>The photos are taken outdoors and in natural light only. <br>Shooting location to be determined together, on the island of Montreal.<\/em><\/p>\n\n\n\n<hr class=\"wp-block-separator has-css-opacity\"\/>\n\n\n\n<h2 class=\"wp-block-heading has-text-align-center\" style=\"font-size:30px\"><strong>Photo therapy<\/strong><\/h2>\n\n\n\n<p><\/p>\n\n\n\n<div class=\"wp-block-media-text alignwide is-stacked-on-mobile is-vertically-aligned-center\" style=\"grid-template-columns:41% auto\"><figure class=\"wp-block-media-text__media\"><img loading=\"lazy\" decoding=\"async\" width=\"1024\" height=\"683\" src=\"https:\/\/studiobyclo.com\/wp-content\/uploads\/2024\/12\/Portfolio-2024-91-1024x683.jpg\" alt=\"Photographe Montr\u00e9al tarifs boudoir\" class=\"wp-image-475 size-full\" srcset=\"https:\/\/studiobyclo.com\/wp-content\/uploads\/2024\/12\/Portfolio-2024-91-1024x683.jpg 1024w, https:\/\/studiobyclo.com\/wp-content\/uploads\/2024\/12\/Portfolio-2024-91-300x200.jpg 300w, https:\/\/studiobyclo.com\/wp-content\/uploads\/2024\/12\/Portfolio-2024-91-768x512.jpg 768w, https:\/\/studiobyclo.com\/wp-content\/uploads\/2024\/12\/Portfolio-2024-91-1536x1024.jpg 1536w\" sizes=\"auto, (max-width: 1024px) 100vw, 1024px\" \/><\/figure><div class=\"wp-block-media-text__content\">\n<p><br><\/p>\n\n\n\n<p>Who is photo therapy for?<br>&#8211; A tout le monde ! Mais les femmes sont mes principales clientes.<br>Whether you are tall, short, slim, curvy, blonde, redhead...you will <strong>discover and love your body differently <\/strong>! I guarantee you that <strong>you will love it (and yourself)<\/strong>.<br><br><em>Find all the information on the page <a href=\"https:\/\/studiobyclo.com\/en\/photo-therapie-montreal\/\">Photo therapy<\/a><\/em> and don't hesitate to check out the page <a href=\"https:\/\/studiobyclo.com\/en\/faq\/\">FAQ<\/a>.<\/p>\n\n\n\n<p class=\"has-small-font-size\"><br><\/p>\n\n\n\n<p class=\"has-small-font-size\"><\/p>\n<\/div><\/div>\n\n\n\n<div class=\"wp-block-columns is-layout-flex wp-container-core-columns-is-layout-9d6595d7 wp-block-columns-is-layout-flex\">\n<div class=\"wp-block-column is-layout-flow wp-block-column-is-layout-flow\">\n<p class=\"has-text-align-center\"><br><strong>The Natural<\/strong><br><strong><br>Duration<\/strong> : 1h30<br><strong>Number of photos <\/strong>: 15 HD photos retouched <br><strong>Price<\/strong> : 250$CA<\/p>\n<\/div>\n\n\n\n<div class=\"wp-block-column is-layout-flow wp-block-column-is-layout-flow\">\n<p class=\"has-text-align-center\"><br><strong>The Full Package<\/strong><br><br><strong>Duration<\/strong> : 2 hours<br><strong>Services included:<\/strong> hair and makeup<br><strong>Number of photos <\/strong>: 20 HD photos retouched <br><strong>Price<\/strong> : 320$CA<\/p>\n<\/div>\n<\/div>\n\n\n\n<p class=\"has-text-align-center\"><strong><em>Additional photo prices for all packages: <\/em><br><\/strong><em>1 additional photo: CA$15<br>10 additional photos: CA$120<br>20 additional photos: CA$200<\/em><br><strong><em>Black &amp; White Options:<\/em><\/strong><br><em>+5$ \/ photo, maximum 50$<\/em><\/p>\n\n\n\n<p class=\"has-text-align-center\"><em>The photos are taken indoors at your place. <\/em><\/p>\n\n\n\n<hr class=\"wp-block-separator has-css-opacity\"\/>\n\n\n\n<p><em>\u2013 Each session includes personalized support before and during the session (choice of outfits, location of the shooting, advice on poses, etc.), a wide choice of photos after the session and a defined number of retouched photos.<br>\u2013 All prices indicated are flexible according to your needs. <\/em><br><em>\u2013 A 20% deposit of the price will be required for each reservation.<br>\u2013 Additional transportation fees apply for travel times exceeding 30 minutes: $5\/15 minutes. An estimate will be provided before the session.  <\/em><br><em>\u2013 Cancellation policy: Full refund of the deposit up to 24 hours before the scheduled start of the session. After 24 hours, no refund of the deposit. The session can be rescheduled free of charge.<\/em> <\/p>\n\n\n\n<hr class=\"wp-block-separator has-css-opacity\"\/>\n\n\n\n<h2 class=\"wp-block-heading has-text-align-center\" style=\"font-size:30px\"><strong>Cours photo<\/strong><\/h2>\n\n\n\n<p><br><\/p>\n\n\n\n<div class=\"wp-block-media-text has-media-on-the-right is-stacked-on-mobile\"><div class=\"wp-block-media-text__content\">\n<p>I offer <strong>workshops<\/strong> in <strong>group<\/strong> or <strong>individually<\/strong> to <strong>to demystify photography<\/strong> and teach you with simple methods how<strong> to take better pictures<\/strong> (with your smartphone or camera), understand your camera and finally learn how to use manual mode! Aperture, shutter speed and ISO will no longer be a mystery to you. <\/p>\n\n\n\n<p>No headaches, no complicated or technical terms, just good times and simple tools to easily understand what seems more complex than it really is. <br><br>You'll leave with a <strong>better understanding of photography basics<\/strong> and beautiful photos taken by yourself! <\/p>\n\n\n\n<p><br><\/p>\n<\/div><figure class=\"wp-block-media-text__media\"><img loading=\"lazy\" decoding=\"async\" width=\"768\" height=\"1024\" src=\"https:\/\/studiobyclo.com\/wp-content\/uploads\/2025\/11\/Clothilde-Photographe-Montreal-768x1024.jpg\" alt=\"\" class=\"wp-image-779 size-full\" srcset=\"https:\/\/studiobyclo.com\/wp-content\/uploads\/2025\/11\/Clothilde-Photographe-Montreal-768x1024.jpg 768w, https:\/\/studiobyclo.com\/wp-content\/uploads\/2025\/11\/Clothilde-Photographe-Montreal-225x300.jpg 225w, https:\/\/studiobyclo.com\/wp-content\/uploads\/2025\/11\/Clothilde-Photographe-Montreal-1152x1536.jpg 1152w, https:\/\/studiobyclo.com\/wp-content\/uploads\/2025\/11\/Clothilde-Photographe-Montreal-1536x2048.jpg 1536w, https:\/\/studiobyclo.com\/wp-content\/uploads\/2025\/11\/Clothilde-Photographe-Montreal-9x12.jpg 9w, https:\/\/studiobyclo.com\/wp-content\/uploads\/2025\/11\/Clothilde-Photographe-Montreal-scaled.jpg 1920w\" sizes=\"auto, (max-width: 768px) 100vw, 768px\" \/><\/figure><\/div>\n\n\n\n<p><\/p>\n\n\n\n<div class=\"wp-block-columns is-layout-flex wp-container-core-columns-is-layout-9d6595d7 wp-block-columns-is-layout-flex\">\n<div class=\"wp-block-column is-layout-flow wp-block-column-is-layout-flow\">\n<p class=\"has-text-align-center\"><strong>Individual workshop<br><\/strong><em>The best way to learn quickly and get personalized advice.<\/em><strong><br>Duration<\/strong> : 1h<br><strong>Number of persons <\/strong>: 1 person<br><strong>Price<\/strong> : 60$CA<br><\/p>\n<\/div>\n\n\n\n<div class=\"wp-block-column is-layout-flow wp-block-column-is-layout-flow\">\n<p class=\"has-text-align-center\"><strong>Group workshop<br><\/strong><em>Learn together to share, have more fun and save money!<\/em><strong><br>Duration<\/strong> : 1h<br><strong>Number of persons <\/strong>: 2 to 6 persons<br><strong>Price<\/strong> : 100$CA for the whole group<\/p>\n<\/div>\n<\/div>\n\n\n\n<p class=\"has-text-align-center\"><strong>Workshops Packages<br><br><\/strong>Individual workshop x 5 = 250$<br>Individual workshop x 10 = 400$<br><br>Group workshop x 5 = 450$<br>Group workshop x 10 = 800$<br>  <\/p>\n\n\n\n<hr class=\"wp-block-separator has-css-opacity\"\/>\n\n\n\n<div class=\"wp-block-buttons is-content-justification-center is-layout-flex wp-container-core-buttons-is-layout-16018d1d wp-block-buttons-is-layout-flex\">\n<div class=\"wp-block-button is-style-outline is-style-outline--1\"><a class=\"wp-block-button__link has-small-font-size has-custom-font-size wp-element-button\" href=\"https:\/\/studiobyclo.com\/en\/portrait\/\">Portrait<\/a><\/div>\n\n\n\n<div class=\"wp-block-button is-style-outline is-style-outline--2\"><a class=\"wp-block-button__link has-small-font-size has-custom-font-size wp-element-button\" href=\"https:\/\/studiobyclo.com\/en\/photo-therapie-montreal\/\">Photo therapy<\/a><\/div>\n\n\n\n<div class=\"wp-block-button is-style-outline is-style-outline--3\"><a class=\"wp-block-button__link has-small-font-size has-custom-font-size wp-element-button\" href=\"https:\/\/studiobyclo.com\/en\/a-propos\/\">About me<\/a><\/div>\n\n\n\n<div class=\"wp-block-button is-style-outline is-style-outline--4\"><a class=\"wp-block-button__link has-small-font-size has-custom-font-size wp-element-button\" href=\"https:\/\/studiobyclo.com\/en\/faq\/\">FAQ<\/a><\/div>\n\n\n\n<div class=\"wp-block-button is-style-outline is-style-outline--5\"><a class=\"wp-block-button__link has-small-font-size has-custom-font-size wp-element-button\" href=\"https:\/\/studiobyclo.com\/en\/avis-clients\/\">Reviews<\/a><\/div>\n<\/div>\n\n\n\n<p><\/p>\n\n\n\n<div class=\"wp-block-buttons is-horizontal is-content-justification-center is-layout-flex wp-container-core-buttons-is-layout-499968f5 wp-block-buttons-is-layout-flex\">\n<div class=\"wp-block-button is-style-fill\"><a class=\"wp-block-button__link wp-element-button\" href=\"https:\/\/studiobyclo.com\/en\/contact\/\">Contact<\/a><\/div>\n<\/div>\n\n\n\n<ul class=\"wp-block-social-links aligncenter is-layout-flex wp-block-social-links-is-layout-flex\"><li class=\"wp-social-link wp-social-link-instagram  wp-block-social-link\"><a href=\"https:\/\/www.instagram.com\/studio_byclo\/\" class=\"wp-block-social-link-anchor\"><svg width=\"24\" height=\"24\" viewbox=\"0 0 24 24\" version=\"1.1\" xmlns=\"http:\/\/www.w3.org\/2000\/svg\" aria-hidden=\"true\" focusable=\"false\"><path d=\"M12,4.622c2.403,0,2.688,0.009,3.637,0.052c0.877,0.04,1.354,0.187,1.671,0.31c0.42,0.163,0.72,0.358,1.035,0.673 c0.315,0.315,0.51,0.615,0.673,1.035c0.123,0.317,0.27,0.794,0.31,1.671c0.043,0.949,0.052,1.234,0.052,3.637 s-0.009,2.688-0.052,3.637c-0.04,0.877-0.187,1.354-0.31,1.671c-0.163,0.42-0.358,0.72-0.673,1.035 c-0.315,0.315-0.615,0.51-1.035,0.673c-0.317,0.123-0.794,0.27-1.671,0.31c-0.949,0.043-1.233,0.052-3.637,0.052 s-2.688-0.009-3.637-0.052c-0.877-0.04-1.354-0.187-1.671-0.31c-0.42-0.163-0.72-0.358-1.035-0.673 c-0.315-0.315-0.51-0.615-0.673-1.035c-0.123-0.317-0.27-0.794-0.31-1.671C4.631,14.688,4.622,14.403,4.622,12 s0.009-2.688,0.052-3.637c0.04-0.877,0.187-1.354,0.31-1.671c0.163-0.42,0.358-0.72,0.673-1.035 c0.315-0.315,0.615-0.51,1.035-0.673c0.317-0.123,0.794-0.27,1.671-0.31C9.312,4.631,9.597,4.622,12,4.622 M12,3 C9.556,3,9.249,3.01,8.289,3.054C7.331,3.098,6.677,3.25,6.105,3.472C5.513,3.702,5.011,4.01,4.511,4.511 c-0.5,0.5-0.808,1.002-1.038,1.594C3.25,6.677,3.098,7.331,3.054,8.289C3.01,9.249,3,9.556,3,12c0,2.444,0.01,2.751,0.054,3.711 c0.044,0.958,0.196,1.612,0.418,2.185c0.23,0.592,0.538,1.094,1.038,1.594c0.5,0.5,1.002,0.808,1.594,1.038 c0.572,0.222,1.227,0.375,2.185,0.418C9.249,20.99,9.556,21,12,21s2.751-0.01,3.711-0.054c0.958-0.044,1.612-0.196,2.185-0.418 c0.592-0.23,1.094-0.538,1.594-1.038c0.5-0.5,0.808-1.002,1.038-1.594c0.222-0.572,0.375-1.227,0.418-2.185 C20.99,14.751,21,14.444,21,12s-0.01-2.751-0.054-3.711c-0.044-0.958-0.196-1.612-0.418-2.185c-0.23-0.592-0.538-1.094-1.038-1.594 c-0.5-0.5-1.002-0.808-1.594-1.038c-0.572-0.222-1.227-0.375-2.185-0.418C14.751,3.01,14.444,3,12,3L12,3z M12,7.378 c-2.552,0-4.622,2.069-4.622,4.622S9.448,16.622,12,16.622s4.622-2.069,4.622-4.622S14.552,7.378,12,7.378z M12,15 c-1.657,0-3-1.343-3-3s1.343-3,3-3s3,1.343,3,3S13.657,15,12,15z M16.804,6.116c-0.596,0-1.08,0.484-1.08,1.08 s0.484,1.08,1.08,1.08c0.596,0,1.08-0.484,1.08-1.08S17.401,6.116,16.804,6.116z\"><\/path><\/svg><span class=\"wp-block-social-link-label screen-reader-text\">Instagram page<\/span><\/a><\/li>\n\n<li class=\"wp-social-link wp-social-link-facebook  wp-block-social-link\"><a href=\"https:\/\/www.facebook.com\/studiobyclo\" class=\"wp-block-social-link-anchor\"><svg width=\"24\" height=\"24\" viewbox=\"0 0 24 24\" version=\"1.1\" xmlns=\"http:\/\/www.w3.org\/2000\/svg\" aria-hidden=\"true\" focusable=\"false\"><path d=\"M12 2C6.5 2 2 6.5 2 12c0 5 3.7 9.1 8.4 9.9v-7H7.9V12h2.5V9.8c0-2.5 1.5-3.9 3.8-3.9 1.1 0 2.2.2 2.2.2v2.5h-1.3c-1.2 0-1.6.8-1.6 1.6V12h2.8l-.4 2.9h-2.3v7C18.3 21.1 22 17 22 12c0-5.5-4.5-10-10-10z\"><\/path><\/svg><span class=\"wp-block-social-link-label screen-reader-text\">Facebook<\/span><\/a><\/li><\/ul>\n\n\n\n<p><\/p>","protected":false},"excerpt":{"rendered":"<p>Photographe professionnelle \u00e0 Montr\u00e9al \u2014 Mes services &amp; tarifs Je propose des s\u00e9ances photo personnalis\u00e9es en portrait et photo th\u00e9rapie. Bas\u00e9e \u00e0 Montr\u00e9al, je me d\u00e9place sur toute l&rsquo;\u00eele pour capturer vos moments importants. Vous y trouverez mes formules d\u00e9taill\u00e9es, mes tarifs transparents et ce qui est inclus dans chaque s\u00e9ance. Pour toute demande sp\u00e9ciale&hellip;<\/p>","protected":false},"author":1,"featured_media":0,"parent":0,"menu_order":0,"comment_status":"closed","ping_status":"closed","template":"","meta":{"footnotes":""},"class_list":["post-111","page","type-page","status-publish","hentry","no-post-thumbnail","post-grid-3-col","entry"],"yoast_head":"<!-- This site is optimized with the Yoast SEO plugin v26.9 - https:\/\/yoast.com\/product\/yoast-seo-wordpress\/ -->\n<title>Services &amp; Tarifs | StudioByClo | Photographe Montr\u00e9al<\/title>\n<meta name=\"description\" content=\"D\u00e9couvrez mes services et tarifs photo \u00e0 Montr\u00e9al : portrait, immobilier, boudoir. R\u00e9servez facilement votre s\u00e9ance photo personnalis\u00e9e !\" \/>\n<meta name=\"robots\" content=\"index, follow, max-snippet:-1, max-image-preview:large, max-video-preview:-1\" \/>\n<link rel=\"canonical\" href=\"https:\/\/studiobyclo.com\/en\/servicestarifs\/\" \/>\n<meta property=\"og:locale\" content=\"en_US\" \/>\n<meta property=\"og:type\" content=\"article\" \/>\n<meta property=\"og:title\" content=\"Services &amp; Tarifs | StudioByClo | Photographe Montr\u00e9al\" \/>\n<meta property=\"og:description\" content=\"D\u00e9couvrez mes services et tarifs photo \u00e0 Montr\u00e9al : portrait, immobilier, boudoir. R\u00e9servez facilement votre s\u00e9ance photo personnalis\u00e9e !\" \/>\n<meta property=\"og:url\" content=\"https:\/\/studiobyclo.com\/en\/servicestarifs\/\" \/>\n<meta property=\"og:site_name\" content=\"Studio by Clo\" \/>\n<meta property=\"article:modified_time\" content=\"2026-04-06T16:19:26+00:00\" \/>\n<meta property=\"og:image\" content=\"https:\/\/studiobyclo.com\/wp-content\/uploads\/2024\/12\/Portfolio-2024-1-6-scaled.jpg\" \/>\n\t<meta property=\"og:image:width\" content=\"1707\" \/>\n\t<meta property=\"og:image:height\" content=\"2560\" \/>\n\t<meta property=\"og:image:type\" content=\"image\/jpeg\" \/>\n<meta name=\"twitter:card\" content=\"summary_large_image\" \/>\n<meta name=\"twitter:label1\" content=\"Est. reading time\" \/>\n\t<meta name=\"twitter:data1\" content=\"5 minutes\" \/>\n<script type=\"application\/ld+json\" class=\"yoast-schema-graph\">{\"@context\":\"https:\/\/schema.org\",\"@graph\":[{\"@type\":\"WebPage\",\"@id\":\"https:\/\/studiobyclo.com\/servicestarifs\/\",\"url\":\"https:\/\/studiobyclo.com\/servicestarifs\/\",\"name\":\"Services & Tarifs | StudioByClo | Photographe Montr\u00e9al\",\"isPartOf\":{\"@id\":\"https:\/\/studiobyclo.com\/#website\"},\"primaryImageOfPage\":{\"@id\":\"https:\/\/studiobyclo.com\/servicestarifs\/#primaryimage\"},\"image\":{\"@id\":\"https:\/\/studiobyclo.com\/servicestarifs\/#primaryimage\"},\"thumbnailUrl\":\"https:\/\/studiobyclo.com\/wp-content\/uploads\/2024\/12\/Portfolio-2024-1-6-683x1024.jpg\",\"datePublished\":\"2021-03-19T14:02:16+00:00\",\"dateModified\":\"2026-04-06T16:19:26+00:00\",\"description\":\"D\u00e9couvrez mes services et tarifs photo \u00e0 Montr\u00e9al : portrait, immobilier, boudoir. R\u00e9servez facilement votre s\u00e9ance photo personnalis\u00e9e !\",\"breadcrumb\":{\"@id\":\"https:\/\/studiobyclo.com\/servicestarifs\/#breadcrumb\"},\"inLanguage\":\"en-US\",\"potentialAction\":[{\"@type\":\"ReadAction\",\"target\":[\"https:\/\/studiobyclo.com\/servicestarifs\/\"]}]},{\"@type\":\"ImageObject\",\"inLanguage\":\"en-US\",\"@id\":\"https:\/\/studiobyclo.com\/servicestarifs\/#primaryimage\",\"url\":\"https:\/\/studiobyclo.com\/wp-content\/uploads\/2024\/12\/Portfolio-2024-1-6-683x1024.jpg\",\"contentUrl\":\"https:\/\/studiobyclo.com\/wp-content\/uploads\/2024\/12\/Portfolio-2024-1-6-683x1024.jpg\"},{\"@type\":\"BreadcrumbList\",\"@id\":\"https:\/\/studiobyclo.com\/servicestarifs\/#breadcrumb\",\"itemListElement\":[{\"@type\":\"ListItem\",\"position\":1,\"name\":\"Accueil\",\"item\":\"https:\/\/studiobyclo.com\/\"},{\"@type\":\"ListItem\",\"position\":2,\"name\":\"Services &#038; Tarifs\"}]},{\"@type\":\"WebSite\",\"@id\":\"https:\/\/studiobyclo.com\/#website\",\"url\":\"https:\/\/studiobyclo.com\/\",\"name\":\"Studio by Clo\",\"description\":\"Inspired by you\",\"publisher\":{\"@id\":\"https:\/\/studiobyclo.com\/#\/schema\/person\/78dc904523121d4d19489ad737594e64\"},\"potentialAction\":[{\"@type\":\"SearchAction\",\"target\":{\"@type\":\"EntryPoint\",\"urlTemplate\":\"https:\/\/studiobyclo.com\/?s={search_term_string}\"},\"query-input\":{\"@type\":\"PropertyValueSpecification\",\"valueRequired\":true,\"valueName\":\"search_term_string\"}}],\"inLanguage\":\"en-US\"},{\"@type\":[\"Person\",\"Organization\"],\"@id\":\"https:\/\/studiobyclo.com\/#\/schema\/person\/78dc904523121d4d19489ad737594e64\",\"name\":\"clothilde19\",\"image\":{\"@type\":\"ImageObject\",\"inLanguage\":\"en-US\",\"@id\":\"https:\/\/studiobyclo.com\/#\/schema\/person\/image\/\",\"url\":\"https:\/\/studiobyclo.com\/wp-content\/uploads\/2021\/04\/cropped-cropped-Logo-Studio-by-Clo.png\",\"contentUrl\":\"https:\/\/studiobyclo.com\/wp-content\/uploads\/2021\/04\/cropped-cropped-Logo-Studio-by-Clo.png\",\"width\":307,\"height\":142,\"caption\":\"clothilde19\"},\"logo\":{\"@id\":\"https:\/\/studiobyclo.com\/#\/schema\/person\/image\/\"},\"sameAs\":[\"http:\/\/192.168.64.2\/dashboard\/mes%20wordpress\/StudioByClo\"]}]}<\/script>\n<!-- \/ Yoast SEO plugin. -->","yoast_head_json":{"title":"Services & Tarifs | StudioByClo | Photographe Montr\u00e9al","description":"D\u00e9couvrez mes services et tarifs photo \u00e0 Montr\u00e9al : portrait, immobilier, boudoir. R\u00e9servez facilement votre s\u00e9ance photo personnalis\u00e9e !","robots":{"index":"index","follow":"follow","max-snippet":"max-snippet:-1","max-image-preview":"max-image-preview:large","max-video-preview":"max-video-preview:-1"},"canonical":"https:\/\/studiobyclo.com\/en\/servicestarifs\/","og_locale":"en_US","og_type":"article","og_title":"Services & Tarifs | StudioByClo | Photographe Montr\u00e9al","og_description":"D\u00e9couvrez mes services et tarifs photo \u00e0 Montr\u00e9al : portrait, immobilier, boudoir. R\u00e9servez facilement votre s\u00e9ance photo personnalis\u00e9e !","og_url":"https:\/\/studiobyclo.com\/en\/servicestarifs\/","og_site_name":"Studio by Clo","article_modified_time":"2026-04-06T16:19:26+00:00","og_image":[{"width":1707,"height":2560,"url":"https:\/\/studiobyclo.com\/wp-content\/uploads\/2024\/12\/Portfolio-2024-1-6-scaled.jpg","type":"image\/jpeg"}],"twitter_card":"summary_large_image","twitter_misc":{"Est. reading time":"5 minutes"},"schema":{"@context":"https:\/\/schema.org","@graph":[{"@type":"WebPage","@id":"https:\/\/studiobyclo.com\/servicestarifs\/","url":"https:\/\/studiobyclo.com\/servicestarifs\/","name":"Services & Tarifs | StudioByClo | Photographe Montr\u00e9al","isPartOf":{"@id":"https:\/\/studiobyclo.com\/#website"},"primaryImageOfPage":{"@id":"https:\/\/studiobyclo.com\/servicestarifs\/#primaryimage"},"image":{"@id":"https:\/\/studiobyclo.com\/servicestarifs\/#primaryimage"},"thumbnailUrl":"https:\/\/studiobyclo.com\/wp-content\/uploads\/2024\/12\/Portfolio-2024-1-6-683x1024.jpg","datePublished":"2021-03-19T14:02:16+00:00","dateModified":"2026-04-06T16:19:26+00:00","description":"D\u00e9couvrez mes services et tarifs photo \u00e0 Montr\u00e9al : portrait, immobilier, boudoir. R\u00e9servez facilement votre s\u00e9ance photo personnalis\u00e9e !","breadcrumb":{"@id":"https:\/\/studiobyclo.com\/servicestarifs\/#breadcrumb"},"inLanguage":"en-US","potentialAction":[{"@type":"ReadAction","target":["https:\/\/studiobyclo.com\/servicestarifs\/"]}]},{"@type":"ImageObject","inLanguage":"en-US","@id":"https:\/\/studiobyclo.com\/servicestarifs\/#primaryimage","url":"https:\/\/studiobyclo.com\/wp-content\/uploads\/2024\/12\/Portfolio-2024-1-6-683x1024.jpg","contentUrl":"https:\/\/studiobyclo.com\/wp-content\/uploads\/2024\/12\/Portfolio-2024-1-6-683x1024.jpg"},{"@type":"BreadcrumbList","@id":"https:\/\/studiobyclo.com\/servicestarifs\/#breadcrumb","itemListElement":[{"@type":"ListItem","position":1,"name":"Accueil","item":"https:\/\/studiobyclo.com\/"},{"@type":"ListItem","position":2,"name":"Services &#038; Tarifs"}]},{"@type":"WebSite","@id":"https:\/\/studiobyclo.com\/#website","url":"https:\/\/studiobyclo.com\/","name":"Studio by Clo","description":"Inspired by you","publisher":{"@id":"https:\/\/studiobyclo.com\/#\/schema\/person\/78dc904523121d4d19489ad737594e64"},"potentialAction":[{"@type":"SearchAction","target":{"@type":"EntryPoint","urlTemplate":"https:\/\/studiobyclo.com\/?s={search_term_string}"},"query-input":{"@type":"PropertyValueSpecification","valueRequired":true,"valueName":"search_term_string"}}],"inLanguage":"en-US"},{"@type":["Person","Organization"],"@id":"https:\/\/studiobyclo.com\/#\/schema\/person\/78dc904523121d4d19489ad737594e64","name":"clothilde19","image":{"@type":"ImageObject","inLanguage":"en-US","@id":"https:\/\/studiobyclo.com\/#\/schema\/person\/image\/","url":"https:\/\/studiobyclo.com\/wp-content\/uploads\/2021\/04\/cropped-cropped-Logo-Studio-by-Clo.png","contentUrl":"https:\/\/studiobyclo.com\/wp-content\/uploads\/2021\/04\/cropped-cropped-Logo-Studio-by-Clo.png","width":307,"height":142,"caption":"clothilde19"},"logo":{"@id":"https:\/\/studiobyclo.com\/#\/schema\/person\/image\/"},"sameAs":["http:\/\/192.168.64.2\/dashboard\/mes%20wordpress\/StudioByClo"]}]}},"_links":{"self":[{"href":"https:\/\/studiobyclo.com\/en\/wp-json\/wp\/v2\/pages\/111","targetHints":{"allow":["GET"]}}],"collection":[{"href":"https:\/\/studiobyclo.com\/en\/wp-json\/wp\/v2\/pages"}],"about":[{"href":"https:\/\/studiobyclo.com\/en\/wp-json\/wp\/v2\/types\/page"}],"author":[{"embeddable":true,"href":"https:\/\/studiobyclo.com\/en\/wp-json\/wp\/v2\/users\/1"}],"replies":[{"embeddable":true,"href":"https:\/\/studiobyclo.com\/en\/wp-json\/wp\/v2\/comments?post=111"}],"version-history":[{"count":69,"href":"https:\/\/studiobyclo.com\/en\/wp-json\/wp\/v2\/pages\/111\/revisions"}],"predecessor-version":[{"id":813,"href":"https:\/\/studiobyclo.com\/en\/wp-json\/wp\/v2\/pages\/111\/revisions\/813"}],"wp:attachment":[{"href":"https:\/\/studiobyclo.com\/en\/wp-json\/wp\/v2\/media?parent=111"}],"curies":[{"name":"wp","href":"https:\/\/api.w.org\/{rel}","templated":true}]}}