{"id":132,"date":"2021-03-19T18:29:29","date_gmt":"2021-03-19T17:29:29","guid":{"rendered":"http:\/\/192.168.64.2\/dashboard\/mes%20wordpress\/StudioByClo\/?page_id=132"},"modified":"2025-10-21T07:18:25","modified_gmt":"2025-10-20T20:18:25","slug":"contact","status":"publish","type":"page","link":"https:\/\/studiobyclo.com\/en\/contact\/","title":{"rendered":"Contact"},"content":{"rendered":"<p><\/p>\n\n\n\n<h2 class=\"wp-block-heading has-text-align-center\">Want to book a photoshoot in Montreal, get a quote, or simply ask me a question? It's here!<\/h2>\n\n\n\n<p class=\"has-text-align-center\">I am Clothilde, a professional photographer specializing in portraits and therapy through photography. <br>Do not hesitate to contact me, I will be happy to answer you as soon as possible.<\/p>\n\n\n\n<div class=\"wp-block-media-text has-media-on-the-right is-stacked-on-mobile\"><div class=\"wp-block-media-text__content\">\n<p><br><br>\ud83d\udccd Based in Montreal, available on the island<\/p>\n\n\n\n<p>\ud83d\udce7 Email : <a href=\"mailto:studiobyclo@gmail.com\">studiobyclo@gmail.com<\/a><br>\ud83d\udcde Phone : +1 672 380 6499<br>\ud83d\udcac WhatsApp : +33 6 87 47 37 47<br>\ud83d\udcf8 Instagram : <a href=\"https:\/\/www.instagram.com\/studio_byclo\">@studio_byclo<\/a><\/p>\n<\/div><figure class=\"wp-block-media-text__media\"><img loading=\"lazy\" decoding=\"async\" width=\"1024\" height=\"1024\" src=\"https:\/\/studiobyclo.com\/wp-content\/uploads\/2024\/12\/DSC_9245-1024x1024.jpg\" alt=\"\" class=\"wp-image-466 size-full\" srcset=\"https:\/\/studiobyclo.com\/wp-content\/uploads\/2024\/12\/DSC_9245-1024x1024.jpg 1024w, https:\/\/studiobyclo.com\/wp-content\/uploads\/2024\/12\/DSC_9245-300x300.jpg 300w, https:\/\/studiobyclo.com\/wp-content\/uploads\/2024\/12\/DSC_9245-150x150.jpg 150w, https:\/\/studiobyclo.com\/wp-content\/uploads\/2024\/12\/DSC_9245-768x768.jpg 768w\" sizes=\"auto, (max-width: 1024px) 100vw, 1024px\" \/><\/figure><\/div>\n\n\n\n<p><\/p>\n\n\n\n<h2 class=\"wp-block-heading has-text-align-center\">Ready to capture some beautiful moments together?<\/h2>\n\n\n\n<p class=\"has-text-align-center\">Write or call me, and let's start organizing your session!<\/p>\n\n\n\n<div class=\"wp-block-buttons is-horizontal is-content-justification-center is-layout-flex wp-container-core-buttons-is-layout-499968f5 wp-block-buttons-is-layout-flex\">\n<div class=\"wp-block-button is-style-outline is-style-outline--1\"><a class=\"wp-block-button__link has-small-font-size has-custom-font-size wp-element-button\" href=\"https:\/\/studiobyclo.com\/en\/portrait\/\">      Portrait     <\/a><\/div>\n\n\n\n<div class=\"wp-block-button is-style-outline is-style-outline--2\"><a class=\"wp-block-button__link has-small-font-size has-custom-font-size wp-element-button\" href=\"https:\/\/studiobyclo.com\/en\/photo-therapie-montreal\/\">Photo therapy<\/a><\/div>\n\n\n\n<div class=\"wp-block-button is-style-outline is-style-outline--3\"><a class=\"wp-block-button__link has-small-font-size has-custom-font-size wp-element-button\" href=\"https:\/\/studiobyclo.com\/en\/servicestarifs\/\">    Services &amp; prices    <\/a><\/div>\n\n\n\n<div class=\"wp-block-button is-style-outline is-style-outline--4\"><a class=\"wp-block-button__link has-small-font-size has-custom-font-size wp-element-button\" href=\"https:\/\/studiobyclo.com\/en\/a-propos\/\">    About me    <\/a><\/div>\n\n\n\n<div class=\"wp-block-button is-style-outline is-style-outline--5\"><a class=\"wp-block-button__link has-small-font-size has-custom-font-size wp-element-button\" href=\"https:\/\/studiobyclo.com\/en\/faq\/\">FAQ<\/a><\/div>\n\n\n\n<div class=\"wp-block-button is-style-outline is-style-outline--6\"><a class=\"wp-block-button__link has-small-font-size has-custom-font-size wp-element-button\" href=\"https:\/\/studiobyclo.com\/en\/avis-clients\/\">Reviews<\/a><\/div>\n<\/div>\n\n\n\n<ul class=\"wp-block-social-links aligncenter is-layout-flex wp-block-social-links-is-layout-flex\"><li class=\"wp-social-link wp-social-link-instagram  wp-block-social-link\"><a href=\"https:\/\/www.instagram.com\/studio_byclo\/\" class=\"wp-block-social-link-anchor\"><svg width=\"24\" height=\"24\" viewbox=\"0 0 24 24\" version=\"1.1\" xmlns=\"http:\/\/www.w3.org\/2000\/svg\" aria-hidden=\"true\" focusable=\"false\"><path d=\"M12,4.622c2.403,0,2.688,0.009,3.637,0.052c0.877,0.04,1.354,0.187,1.671,0.31c0.42,0.163,0.72,0.358,1.035,0.673 c0.315,0.315,0.51,0.615,0.673,1.035c0.123,0.317,0.27,0.794,0.31,1.671c0.043,0.949,0.052,1.234,0.052,3.637 s-0.009,2.688-0.052,3.637c-0.04,0.877-0.187,1.354-0.31,1.671c-0.163,0.42-0.358,0.72-0.673,1.035 c-0.315,0.315-0.615,0.51-1.035,0.673c-0.317,0.123-0.794,0.27-1.671,0.31c-0.949,0.043-1.233,0.052-3.637,0.052 s-2.688-0.009-3.637-0.052c-0.877-0.04-1.354-0.187-1.671-0.31c-0.42-0.163-0.72-0.358-1.035-0.673 c-0.315-0.315-0.51-0.615-0.673-1.035c-0.123-0.317-0.27-0.794-0.31-1.671C4.631,14.688,4.622,14.403,4.622,12 s0.009-2.688,0.052-3.637c0.04-0.877,0.187-1.354,0.31-1.671c0.163-0.42,0.358-0.72,0.673-1.035 c0.315-0.315,0.615-0.51,1.035-0.673c0.317-0.123,0.794-0.27,1.671-0.31C9.312,4.631,9.597,4.622,12,4.622 M12,3 C9.556,3,9.249,3.01,8.289,3.054C7.331,3.098,6.677,3.25,6.105,3.472C5.513,3.702,5.011,4.01,4.511,4.511 c-0.5,0.5-0.808,1.002-1.038,1.594C3.25,6.677,3.098,7.331,3.054,8.289C3.01,9.249,3,9.556,3,12c0,2.444,0.01,2.751,0.054,3.711 c0.044,0.958,0.196,1.612,0.418,2.185c0.23,0.592,0.538,1.094,1.038,1.594c0.5,0.5,1.002,0.808,1.594,1.038 c0.572,0.222,1.227,0.375,2.185,0.418C9.249,20.99,9.556,21,12,21s2.751-0.01,3.711-0.054c0.958-0.044,1.612-0.196,2.185-0.418 c0.592-0.23,1.094-0.538,1.594-1.038c0.5-0.5,0.808-1.002,1.038-1.594c0.222-0.572,0.375-1.227,0.418-2.185 C20.99,14.751,21,14.444,21,12s-0.01-2.751-0.054-3.711c-0.044-0.958-0.196-1.612-0.418-2.185c-0.23-0.592-0.538-1.094-1.038-1.594 c-0.5-0.5-1.002-0.808-1.594-1.038c-0.572-0.222-1.227-0.375-2.185-0.418C14.751,3.01,14.444,3,12,3L12,3z M12,7.378 c-2.552,0-4.622,2.069-4.622,4.622S9.448,16.622,12,16.622s4.622-2.069,4.622-4.622S14.552,7.378,12,7.378z M12,15 c-1.657,0-3-1.343-3-3s1.343-3,3-3s3,1.343,3,3S13.657,15,12,15z M16.804,6.116c-0.596,0-1.08,0.484-1.08,1.08 s0.484,1.08,1.08,1.08c0.596,0,1.08-0.484,1.08-1.08S17.401,6.116,16.804,6.116z\"><\/path><\/svg><span class=\"wp-block-social-link-label screen-reader-text\">Instagram page<\/span><\/a><\/li>\n\n<li class=\"wp-social-link wp-social-link-facebook  wp-block-social-link\"><a href=\"https:\/\/www.facebook.com\/studiobyclo\" class=\"wp-block-social-link-anchor\"><svg width=\"24\" height=\"24\" viewbox=\"0 0 24 24\" version=\"1.1\" xmlns=\"http:\/\/www.w3.org\/2000\/svg\" aria-hidden=\"true\" focusable=\"false\"><path d=\"M12 2C6.5 2 2 6.5 2 12c0 5 3.7 9.1 8.4 9.9v-7H7.9V12h2.5V9.8c0-2.5 1.5-3.9 3.8-3.9 1.1 0 2.2.2 2.2.2v2.5h-1.3c-1.2 0-1.6.8-1.6 1.6V12h2.8l-.4 2.9h-2.3v7C18.3 21.1 22 17 22 12c0-5.5-4.5-10-10-10z\"><\/path><\/svg><span class=\"wp-block-social-link-label screen-reader-text\">Facebook<\/span><\/a><\/li><\/ul>\n\n\n\n<p><\/p>","protected":false},"excerpt":{"rendered":"<p>Vous souhaitez r\u00e9server une s\u00e9ance photo \u00e0 Montr\u00e9al, obtenir un devis ou simplement me poser une question\u202f? C&rsquo;est ici! Je suis Clothilde, photographe professionnelle sp\u00e9cialis\u00e9e en portrait et th\u00e9rapie par la photo. N&rsquo;h\u00e9sitez pas \u00e0 me contacter, je vous r\u00e9pondrai avec plaisir dans les plus brefs d\u00e9lais. \ud83d\udccd Bas\u00e9e \u00e0 Montr\u00e9al, disponible sur l&rsquo;\u00eele \ud83d\udce7&hellip;<\/p>","protected":false},"author":1,"featured_media":0,"parent":0,"menu_order":0,"comment_status":"closed","ping_status":"closed","template":"","meta":{"footnotes":""},"class_list":["post-132","page","type-page","status-publish","hentry","no-post-thumbnail","post-grid-3-col","entry"],"yoast_head":"<!-- This site is optimized with the Yoast SEO plugin v26.9 - https:\/\/yoast.com\/product\/yoast-seo-wordpress\/ -->\n<title>Contact Photographe \u00e0 Montr\u00e9al | Studio By Clo<\/title>\n<meta name=\"description\" content=\"Contactez Studio By Clo pour une s\u00e9ance photo \u00e0 Montr\u00e9al : portrait, boudoir, immobilier ou \u00e9v\u00e9nement. Par email, t\u00e9l\u00e9phone ou WhatsApp.\" \/>\n<meta name=\"robots\" content=\"index, follow, max-snippet:-1, max-image-preview:large, max-video-preview:-1\" \/>\n<link rel=\"canonical\" href=\"https:\/\/studiobyclo.com\/en\/contact\/\" \/>\n<meta property=\"og:locale\" content=\"en_US\" \/>\n<meta property=\"og:type\" content=\"article\" \/>\n<meta property=\"og:title\" content=\"Contact Photographe \u00e0 Montr\u00e9al | Studio By Clo\" \/>\n<meta property=\"og:description\" content=\"Contactez Studio By Clo pour une s\u00e9ance photo \u00e0 Montr\u00e9al : portrait, boudoir, immobilier ou \u00e9v\u00e9nement. Par email, t\u00e9l\u00e9phone ou WhatsApp.\" \/>\n<meta property=\"og:url\" content=\"https:\/\/studiobyclo.com\/en\/contact\/\" \/>\n<meta property=\"og:site_name\" content=\"Studio by Clo\" \/>\n<meta property=\"article:modified_time\" content=\"2025-10-20T20:18:25+00:00\" \/>\n<meta property=\"og:image\" content=\"https:\/\/studiobyclo.com\/wp-content\/uploads\/2024\/12\/DSC_9245-scaled.jpg\" \/>\n\t<meta property=\"og:image:width\" content=\"2560\" \/>\n\t<meta property=\"og:image:height\" content=\"2560\" \/>\n\t<meta property=\"og:image:type\" content=\"image\/jpeg\" \/>\n<meta name=\"twitter:card\" content=\"summary_large_image\" \/>\n<meta name=\"twitter:label1\" content=\"Est. reading time\" \/>\n\t<meta name=\"twitter:data1\" content=\"1 minute\" \/>\n<script type=\"application\/ld+json\" class=\"yoast-schema-graph\">{\"@context\":\"https:\/\/schema.org\",\"@graph\":[{\"@type\":\"WebPage\",\"@id\":\"https:\/\/studiobyclo.com\/contact\/\",\"url\":\"https:\/\/studiobyclo.com\/contact\/\",\"name\":\"Contact Photographe \u00e0 Montr\u00e9al | Studio By Clo\",\"isPartOf\":{\"@id\":\"https:\/\/studiobyclo.com\/#website\"},\"primaryImageOfPage\":{\"@id\":\"https:\/\/studiobyclo.com\/contact\/#primaryimage\"},\"image\":{\"@id\":\"https:\/\/studiobyclo.com\/contact\/#primaryimage\"},\"thumbnailUrl\":\"https:\/\/studiobyclo.com\/wp-content\/uploads\/2024\/12\/DSC_9245-1024x1024.jpg\",\"datePublished\":\"2021-03-19T17:29:29+00:00\",\"dateModified\":\"2025-10-20T20:18:25+00:00\",\"description\":\"Contactez Studio By Clo pour une s\u00e9ance photo \u00e0 Montr\u00e9al : portrait, boudoir, immobilier ou \u00e9v\u00e9nement. Par email, t\u00e9l\u00e9phone ou WhatsApp.\",\"breadcrumb\":{\"@id\":\"https:\/\/studiobyclo.com\/contact\/#breadcrumb\"},\"inLanguage\":\"en-US\",\"potentialAction\":[{\"@type\":\"ReadAction\",\"target\":[\"https:\/\/studiobyclo.com\/contact\/\"]}]},{\"@type\":\"ImageObject\",\"inLanguage\":\"en-US\",\"@id\":\"https:\/\/studiobyclo.com\/contact\/#primaryimage\",\"url\":\"https:\/\/studiobyclo.com\/wp-content\/uploads\/2024\/12\/DSC_9245-1024x1024.jpg\",\"contentUrl\":\"https:\/\/studiobyclo.com\/wp-content\/uploads\/2024\/12\/DSC_9245-1024x1024.jpg\"},{\"@type\":\"BreadcrumbList\",\"@id\":\"https:\/\/studiobyclo.com\/contact\/#breadcrumb\",\"itemListElement\":[{\"@type\":\"ListItem\",\"position\":1,\"name\":\"Accueil\",\"item\":\"https:\/\/studiobyclo.com\/\"},{\"@type\":\"ListItem\",\"position\":2,\"name\":\"Contact\"}]},{\"@type\":\"WebSite\",\"@id\":\"https:\/\/studiobyclo.com\/#website\",\"url\":\"https:\/\/studiobyclo.com\/\",\"name\":\"Studio by Clo\",\"description\":\"Inspired by you\",\"publisher\":{\"@id\":\"https:\/\/studiobyclo.com\/#\/schema\/person\/78dc904523121d4d19489ad737594e64\"},\"potentialAction\":[{\"@type\":\"SearchAction\",\"target\":{\"@type\":\"EntryPoint\",\"urlTemplate\":\"https:\/\/studiobyclo.com\/?s={search_term_string}\"},\"query-input\":{\"@type\":\"PropertyValueSpecification\",\"valueRequired\":true,\"valueName\":\"search_term_string\"}}],\"inLanguage\":\"en-US\"},{\"@type\":[\"Person\",\"Organization\"],\"@id\":\"https:\/\/studiobyclo.com\/#\/schema\/person\/78dc904523121d4d19489ad737594e64\",\"name\":\"clothilde19\",\"image\":{\"@type\":\"ImageObject\",\"inLanguage\":\"en-US\",\"@id\":\"https:\/\/studiobyclo.com\/#\/schema\/person\/image\/\",\"url\":\"https:\/\/studiobyclo.com\/wp-content\/uploads\/2021\/04\/cropped-cropped-Logo-Studio-by-Clo.png\",\"contentUrl\":\"https:\/\/studiobyclo.com\/wp-content\/uploads\/2021\/04\/cropped-cropped-Logo-Studio-by-Clo.png\",\"width\":307,\"height\":142,\"caption\":\"clothilde19\"},\"logo\":{\"@id\":\"https:\/\/studiobyclo.com\/#\/schema\/person\/image\/\"},\"sameAs\":[\"http:\/\/192.168.64.2\/dashboard\/mes%20wordpress\/StudioByClo\"]}]}<\/script>\n<!-- \/ Yoast SEO plugin. -->","yoast_head_json":{"title":"Contact Photographe \u00e0 Montr\u00e9al | Studio By Clo","description":"Contactez Studio By Clo pour une s\u00e9ance photo \u00e0 Montr\u00e9al : portrait, boudoir, immobilier ou \u00e9v\u00e9nement. Par email, t\u00e9l\u00e9phone ou WhatsApp.","robots":{"index":"index","follow":"follow","max-snippet":"max-snippet:-1","max-image-preview":"max-image-preview:large","max-video-preview":"max-video-preview:-1"},"canonical":"https:\/\/studiobyclo.com\/en\/contact\/","og_locale":"en_US","og_type":"article","og_title":"Contact Photographe \u00e0 Montr\u00e9al | Studio By Clo","og_description":"Contactez Studio By Clo pour une s\u00e9ance photo \u00e0 Montr\u00e9al : portrait, boudoir, immobilier ou \u00e9v\u00e9nement. Par email, t\u00e9l\u00e9phone ou WhatsApp.","og_url":"https:\/\/studiobyclo.com\/en\/contact\/","og_site_name":"Studio by Clo","article_modified_time":"2025-10-20T20:18:25+00:00","og_image":[{"width":2560,"height":2560,"url":"https:\/\/studiobyclo.com\/wp-content\/uploads\/2024\/12\/DSC_9245-scaled.jpg","type":"image\/jpeg"}],"twitter_card":"summary_large_image","twitter_misc":{"Est. reading time":"1 minute"},"schema":{"@context":"https:\/\/schema.org","@graph":[{"@type":"WebPage","@id":"https:\/\/studiobyclo.com\/contact\/","url":"https:\/\/studiobyclo.com\/contact\/","name":"Contact Photographe \u00e0 Montr\u00e9al | Studio By Clo","isPartOf":{"@id":"https:\/\/studiobyclo.com\/#website"},"primaryImageOfPage":{"@id":"https:\/\/studiobyclo.com\/contact\/#primaryimage"},"image":{"@id":"https:\/\/studiobyclo.com\/contact\/#primaryimage"},"thumbnailUrl":"https:\/\/studiobyclo.com\/wp-content\/uploads\/2024\/12\/DSC_9245-1024x1024.jpg","datePublished":"2021-03-19T17:29:29+00:00","dateModified":"2025-10-20T20:18:25+00:00","description":"Contactez Studio By Clo pour une s\u00e9ance photo \u00e0 Montr\u00e9al : portrait, boudoir, immobilier ou \u00e9v\u00e9nement. Par email, t\u00e9l\u00e9phone ou WhatsApp.","breadcrumb":{"@id":"https:\/\/studiobyclo.com\/contact\/#breadcrumb"},"inLanguage":"en-US","potentialAction":[{"@type":"ReadAction","target":["https:\/\/studiobyclo.com\/contact\/"]}]},{"@type":"ImageObject","inLanguage":"en-US","@id":"https:\/\/studiobyclo.com\/contact\/#primaryimage","url":"https:\/\/studiobyclo.com\/wp-content\/uploads\/2024\/12\/DSC_9245-1024x1024.jpg","contentUrl":"https:\/\/studiobyclo.com\/wp-content\/uploads\/2024\/12\/DSC_9245-1024x1024.jpg"},{"@type":"BreadcrumbList","@id":"https:\/\/studiobyclo.com\/contact\/#breadcrumb","itemListElement":[{"@type":"ListItem","position":1,"name":"Accueil","item":"https:\/\/studiobyclo.com\/"},{"@type":"ListItem","position":2,"name":"Contact"}]},{"@type":"WebSite","@id":"https:\/\/studiobyclo.com\/#website","url":"https:\/\/studiobyclo.com\/","name":"Studio by Clo","description":"Inspired by you","publisher":{"@id":"https:\/\/studiobyclo.com\/#\/schema\/person\/78dc904523121d4d19489ad737594e64"},"potentialAction":[{"@type":"SearchAction","target":{"@type":"EntryPoint","urlTemplate":"https:\/\/studiobyclo.com\/?s={search_term_string}"},"query-input":{"@type":"PropertyValueSpecification","valueRequired":true,"valueName":"search_term_string"}}],"inLanguage":"en-US"},{"@type":["Person","Organization"],"@id":"https:\/\/studiobyclo.com\/#\/schema\/person\/78dc904523121d4d19489ad737594e64","name":"clothilde19","image":{"@type":"ImageObject","inLanguage":"en-US","@id":"https:\/\/studiobyclo.com\/#\/schema\/person\/image\/","url":"https:\/\/studiobyclo.com\/wp-content\/uploads\/2021\/04\/cropped-cropped-Logo-Studio-by-Clo.png","contentUrl":"https:\/\/studiobyclo.com\/wp-content\/uploads\/2021\/04\/cropped-cropped-Logo-Studio-by-Clo.png","width":307,"height":142,"caption":"clothilde19"},"logo":{"@id":"https:\/\/studiobyclo.com\/#\/schema\/person\/image\/"},"sameAs":["http:\/\/192.168.64.2\/dashboard\/mes%20wordpress\/StudioByClo"]}]}},"_links":{"self":[{"href":"https:\/\/studiobyclo.com\/en\/wp-json\/wp\/v2\/pages\/132","targetHints":{"allow":["GET"]}}],"collection":[{"href":"https:\/\/studiobyclo.com\/en\/wp-json\/wp\/v2\/pages"}],"about":[{"href":"https:\/\/studiobyclo.com\/en\/wp-json\/wp\/v2\/types\/page"}],"author":[{"embeddable":true,"href":"https:\/\/studiobyclo.com\/en\/wp-json\/wp\/v2\/users\/1"}],"replies":[{"embeddable":true,"href":"https:\/\/studiobyclo.com\/en\/wp-json\/wp\/v2\/comments?post=132"}],"version-history":[{"count":17,"href":"https:\/\/studiobyclo.com\/en\/wp-json\/wp\/v2\/pages\/132\/revisions"}],"predecessor-version":[{"id":762,"href":"https:\/\/studiobyclo.com\/en\/wp-json\/wp\/v2\/pages\/132\/revisions\/762"}],"wp:attachment":[{"href":"https:\/\/studiobyclo.com\/en\/wp-json\/wp\/v2\/media?parent=132"}],"curies":[{"name":"wp","href":"https:\/\/api.w.org\/{rel}","templated":true}]}}