{"id":21,"date":"2021-03-17T22:38:46","date_gmt":"2021-03-17T21:38:46","guid":{"rendered":"http:\/\/192.168.64.2\/dashboard\/mes%20wordpress\/StudioByClo\/?page_id=21"},"modified":"2026-03-25T03:56:30","modified_gmt":"2026-03-24T16:56:30","slug":"a-propos","status":"publish","type":"page","link":"https:\/\/studiobyclo.com\/en\/a-propos\/","title":{"rendered":"About me"},"content":{"rendered":"<h1 class=\"wp-block-heading has-text-align-center\"><br>StudioByClo, photographer in Montreal<\/h1>\n\n\n\n<p><\/p>\n\n\n\n<div class=\"wp-block-group alignwide\"><div class=\"wp-block-group__inner-container is-layout-flow wp-block-group-is-layout-flow\">\n<div class=\"wp-block-columns is-layout-flex wp-container-core-columns-is-layout-9d6595d7 wp-block-columns-is-layout-flex\">\n<div class=\"wp-block-column is-layout-flow wp-block-column-is-layout-flow\" style=\"flex-basis:100%\">\n<div class=\"wp-block-columns is-layout-flex wp-container-core-columns-is-layout-9d6595d7 wp-block-columns-is-layout-flex\">\n<div class=\"wp-block-column is-layout-flow wp-block-column-is-layout-flow\" style=\"flex-basis:33.33%\">\n<figure class=\"wp-block-gallery has-nested-images columns-1 is-cropped wp-block-gallery-1 is-layout-flex wp-block-gallery-is-layout-flex\">\n<figure class=\"wp-block-image size-full\"><img decoding=\"async\" data-id=\"798\" src=\"https:\/\/studiobyclo.com\/wp-content\/uploads\/2026\/03\/Clo-03-2026_0030-Petit-1.jpeg\" alt=\"Clo photographe\" class=\"wp-image-798\"\/><\/figure>\n\n\n\n<figure class=\"wp-block-image size-full\"><img loading=\"lazy\" decoding=\"async\" width=\"2161\" height=\"2560\" data-id=\"802\" src=\"https:\/\/studiobyclo.com\/wp-content\/uploads\/2026\/03\/Image-Couverture-PE-scaled.jpg\" alt=\"\" class=\"wp-image-802\" srcset=\"https:\/\/studiobyclo.com\/wp-content\/uploads\/2026\/03\/Image-Couverture-PE-scaled.jpg 2161w, https:\/\/studiobyclo.com\/wp-content\/uploads\/2026\/03\/Image-Couverture-PE-253x300.jpg 253w, https:\/\/studiobyclo.com\/wp-content\/uploads\/2026\/03\/Image-Couverture-PE-864x1024.jpg 864w, https:\/\/studiobyclo.com\/wp-content\/uploads\/2026\/03\/Image-Couverture-PE-768x910.jpg 768w, https:\/\/studiobyclo.com\/wp-content\/uploads\/2026\/03\/Image-Couverture-PE-1296x1536.jpg 1296w, https:\/\/studiobyclo.com\/wp-content\/uploads\/2026\/03\/Image-Couverture-PE-1729x2048.jpg 1729w, https:\/\/studiobyclo.com\/wp-content\/uploads\/2026\/03\/Image-Couverture-PE-10x12.jpg 10w\" sizes=\"auto, (max-width: 2161px) 100vw, 2161px\" \/><\/figure>\n<\/figure>\n\n\n\n<figure class=\"wp-block-image size-full\"><img decoding=\"async\" src=\"https:\/\/studiobyclo.com\/wp-content\/uploads\/2025\/09\/DSC_9491.jpg\" alt=\"Femme studio sexy\" class=\"wp-image-683\"\/><\/figure>\n\n\n\n<figure class=\"wp-block-image size-full\"><img decoding=\"async\" src=\"https:\/\/studiobyclo.com\/wp-content\/uploads\/2026\/03\/Clo-03-2026_0014.jpg\" alt=\"Clo photographe studio\" class=\"wp-image-803\"\/><\/figure>\n<\/div>\n\n\n\n<div class=\"wp-block-column is-layout-flow wp-block-column-is-layout-flow\" style=\"flex-basis:66.66%\">\n<h2 class=\"wp-block-heading\">My journey<\/h2>\n\n\n\n<p>I am Clothilde, <strong>photographer<\/strong> in Montreal and <strong>traveler<\/strong> passionate woman who settled in Canada after living in France, Spain, Australia and New Caledonia! I have always loved photography and I decided to make it <strong>profesional<\/strong> during the pandemic.<\/p>\n\n\n\n<p>My background is pretty <strong>diversified<\/strong> and <strong>atypical<\/strong> ! I worked for an e-commerce company for 5 years and then traveled with a backpack to discover the world for a year. Since then, I have become an <strong>adventurer<\/strong> and I live my life according to my desires and the opportunities that come my way.<\/p>\n\n\n\n<h2 class=\"wp-block-heading\">My vision of photography<\/h2>\n\n\n\n<p>I love meeting others and <strong>highlight their beauty<\/strong> and their <strong>personality<\/strong>. My best reward: someone who doesn't think they're photogenic or comfortable in front of the camera and who ultimately loves their photos at the end of the session.<\/p>\n\n\n\n<p>I like to alternate between <strong>portrait<\/strong>, <strong>boudoir<\/strong>, <strong>landscapes<\/strong>, <strong>real estate<\/strong>, <strong>events<\/strong> but from now on, I want to focus on <a href=\"https:\/\/studiobyclo.com\/en\/portrait\/\"><strong>portraits<\/strong><\/a> and <a href=\"https:\/\/studiobyclo.com\/en\/photo-therapie-montreal\/\"><strong>Photo therapy<\/strong><\/a> because that's what excites me the most. For me, portraits and photo therapy are ways to <strong>capture the essence of each person<\/strong>, <strong>reveal their personality<\/strong> and create <strong>memories<\/strong> that feel good.<\/p>\n\n\n\n<p>Through my sessions, I want to offer much more than beautiful images: an <strong>authentic<\/strong> <strong>experience<\/strong> and <strong>a safe space<\/strong>, where everyone can rediscover and reveal themselves in a new angle. <br><br>And above all, I have been in front of the camera myself and I know how much it can be <strong>liberating<\/strong> and reinforce<strong> self confidence and self esteem<\/strong>. <br><br>I care to offer a little<strong> a bubble of gentleness<\/strong> to the people who pass in front of my camera so that they can disconnect from everyday life and reconnect with themselves.<\/p>\n\n\n\n<h2 class=\"wp-block-heading\">Mon mat\u00e9riel<\/h2>\n\n\n\n<p>Bo\u00eetier : Canon R6 Mark II<br>Objectifs : <br>Canon RF 24-70 f2.8<br>Canon EF 16-35 f4<br>Canon EF 85mm f1.8<br>Canon EF 50mm f1.8<br><br>Tr\u00e9pied carbone Siriu <br>Flash cobra Canon 430EXII<\/p>\n\n\n\n<h2 class=\"wp-block-heading\">Follow me &amp; contact me<\/h2>\n\n\n\n<p>You can follow my <strong>Instagram page<\/strong> : studio_byclo. <br><br>Don't hesitate to <a href=\"https:\/\/studiobyclo.com\/en\/contact\/\"><strong>contact me<\/strong><\/a> for a shooting or a question.<\/p>\n\n\n\n<p>See you soon.  <\/p>\n<\/div>\n<\/div>\n<\/div>\n<\/div>\n<\/div><\/div>\n\n\n\n<div class=\"wp-block-buttons is-horizontal is-content-justification-center is-layout-flex wp-container-core-buttons-is-layout-499968f5 wp-block-buttons-is-layout-flex\">\n<div class=\"wp-block-button is-style-outline is-style-outline--2\"><a class=\"wp-block-button__link has-small-font-size has-custom-font-size wp-element-button\" href=\"https:\/\/studiobyclo.com\/en\/portrait\/\">      Portrait     <\/a><\/div>\n\n\n\n<div class=\"wp-block-button is-style-outline is-style-outline--3\"><a class=\"wp-block-button__link has-small-font-size has-custom-font-size wp-element-button\" href=\"https:\/\/studiobyclo.com\/en\/photo-therapie-montreal\/\">Photo therapy<\/a><\/div>\n\n\n\n<div class=\"wp-block-button is-style-outline is-style-outline--4\"><a class=\"wp-block-button__link has-small-font-size has-custom-font-size wp-element-button\" href=\"https:\/\/studiobyclo.com\/en\/servicestarifs\/\">    Services &amp; prices    <\/a><\/div>\n\n\n\n<div class=\"wp-block-button is-style-outline is-style-outline--5\"><a class=\"wp-block-button__link has-small-font-size has-custom-font-size wp-element-button\" href=\"https:\/\/studiobyclo.com\/en\/a-propos\/\">    About me    <\/a><\/div>\n\n\n\n<div class=\"wp-block-button is-style-outline is-style-outline--6\"><a class=\"wp-block-button__link has-small-font-size has-custom-font-size wp-element-button\" href=\"https:\/\/studiobyclo.com\/en\/faq\/\">FAQ<\/a><\/div>\n\n\n\n<div class=\"wp-block-button is-style-outline is-style-outline--7\"><a class=\"wp-block-button__link has-small-font-size has-custom-font-size wp-element-button\" href=\"https:\/\/studiobyclo.com\/en\/avis-clients\/\">Reviews<\/a><\/div>\n<\/div>\n\n\n\n<p><\/p>\n\n\n\n<div class=\"wp-block-buttons is-horizontal is-content-justification-center is-layout-flex wp-container-core-buttons-is-layout-499968f5 wp-block-buttons-is-layout-flex\">\n<div class=\"wp-block-button is-style-fill\"><a class=\"wp-block-button__link wp-element-button\" href=\"https:\/\/studiobyclo.com\/index.php\/contact\/\">Contact<\/a><\/div>\n<\/div>\n\n\n\n<ul class=\"wp-block-social-links aligncenter is-layout-flex wp-block-social-links-is-layout-flex\"><li class=\"wp-social-link wp-social-link-instagram  wp-block-social-link\"><a href=\"https:\/\/www.instagram.com\/studio_byclo\/\" class=\"wp-block-social-link-anchor\"><svg width=\"24\" height=\"24\" viewbox=\"0 0 24 24\" version=\"1.1\" xmlns=\"http:\/\/www.w3.org\/2000\/svg\" aria-hidden=\"true\" focusable=\"false\"><path d=\"M12,4.622c2.403,0,2.688,0.009,3.637,0.052c0.877,0.04,1.354,0.187,1.671,0.31c0.42,0.163,0.72,0.358,1.035,0.673 c0.315,0.315,0.51,0.615,0.673,1.035c0.123,0.317,0.27,0.794,0.31,1.671c0.043,0.949,0.052,1.234,0.052,3.637 s-0.009,2.688-0.052,3.637c-0.04,0.877-0.187,1.354-0.31,1.671c-0.163,0.42-0.358,0.72-0.673,1.035 c-0.315,0.315-0.615,0.51-1.035,0.673c-0.317,0.123-0.794,0.27-1.671,0.31c-0.949,0.043-1.233,0.052-3.637,0.052 s-2.688-0.009-3.637-0.052c-0.877-0.04-1.354-0.187-1.671-0.31c-0.42-0.163-0.72-0.358-1.035-0.673 c-0.315-0.315-0.51-0.615-0.673-1.035c-0.123-0.317-0.27-0.794-0.31-1.671C4.631,14.688,4.622,14.403,4.622,12 s0.009-2.688,0.052-3.637c0.04-0.877,0.187-1.354,0.31-1.671c0.163-0.42,0.358-0.72,0.673-1.035 c0.315-0.315,0.615-0.51,1.035-0.673c0.317-0.123,0.794-0.27,1.671-0.31C9.312,4.631,9.597,4.622,12,4.622 M12,3 C9.556,3,9.249,3.01,8.289,3.054C7.331,3.098,6.677,3.25,6.105,3.472C5.513,3.702,5.011,4.01,4.511,4.511 c-0.5,0.5-0.808,1.002-1.038,1.594C3.25,6.677,3.098,7.331,3.054,8.289C3.01,9.249,3,9.556,3,12c0,2.444,0.01,2.751,0.054,3.711 c0.044,0.958,0.196,1.612,0.418,2.185c0.23,0.592,0.538,1.094,1.038,1.594c0.5,0.5,1.002,0.808,1.594,1.038 c0.572,0.222,1.227,0.375,2.185,0.418C9.249,20.99,9.556,21,12,21s2.751-0.01,3.711-0.054c0.958-0.044,1.612-0.196,2.185-0.418 c0.592-0.23,1.094-0.538,1.594-1.038c0.5-0.5,0.808-1.002,1.038-1.594c0.222-0.572,0.375-1.227,0.418-2.185 C20.99,14.751,21,14.444,21,12s-0.01-2.751-0.054-3.711c-0.044-0.958-0.196-1.612-0.418-2.185c-0.23-0.592-0.538-1.094-1.038-1.594 c-0.5-0.5-1.002-0.808-1.594-1.038c-0.572-0.222-1.227-0.375-2.185-0.418C14.751,3.01,14.444,3,12,3L12,3z M12,7.378 c-2.552,0-4.622,2.069-4.622,4.622S9.448,16.622,12,16.622s4.622-2.069,4.622-4.622S14.552,7.378,12,7.378z M12,15 c-1.657,0-3-1.343-3-3s1.343-3,3-3s3,1.343,3,3S13.657,15,12,15z M16.804,6.116c-0.596,0-1.08,0.484-1.08,1.08 s0.484,1.08,1.08,1.08c0.596,0,1.08-0.484,1.08-1.08S17.401,6.116,16.804,6.116z\"><\/path><\/svg><span class=\"wp-block-social-link-label screen-reader-text\">Instagram page<\/span><\/a><\/li>\n\n<li class=\"wp-social-link wp-social-link-facebook  wp-block-social-link\"><a href=\"https:\/\/www.facebook.com\/studiobyclo\" class=\"wp-block-social-link-anchor\"><svg width=\"24\" height=\"24\" viewbox=\"0 0 24 24\" version=\"1.1\" xmlns=\"http:\/\/www.w3.org\/2000\/svg\" aria-hidden=\"true\" focusable=\"false\"><path d=\"M12 2C6.5 2 2 6.5 2 12c0 5 3.7 9.1 8.4 9.9v-7H7.9V12h2.5V9.8c0-2.5 1.5-3.9 3.8-3.9 1.1 0 2.2.2 2.2.2v2.5h-1.3c-1.2 0-1.6.8-1.6 1.6V12h2.8l-.4 2.9h-2.3v7C18.3 21.1 22 17 22 12c0-5.5-4.5-10-10-10z\"><\/path><\/svg><span class=\"wp-block-social-link-label screen-reader-text\">Facebook<\/span><\/a><\/li><\/ul>","protected":false},"excerpt":{"rendered":"<p>StudioByClo, photographe \u00e0 Montr\u00e9al Mon parcours Je suis Clothilde, photographe \u00e0 Montr\u00e9al et voyageuse passionn\u00e9e qui a pos\u00e9 ses valises \u00e0 Montr\u00e9al apr\u00e8s avoir v\u00e9cu \u00e0 Bordeaux, Barcelone, Vancouver, Sydney et Noum\u00e9a ! J&rsquo;ai toujours aim\u00e9 la photo et j&rsquo;ai d\u00e9cid\u00e9 d&rsquo;en faire une activit\u00e9 professionnelle depuis la pand\u00e9mie. Mon parcours est assez vari\u00e9 et&hellip;<\/p>","protected":false},"author":1,"featured_media":0,"parent":0,"menu_order":0,"comment_status":"closed","ping_status":"closed","template":"","meta":{"footnotes":""},"class_list":["post-21","page","type-page","status-publish","hentry","no-post-thumbnail","post-grid-3-col","entry"],"yoast_head":"<!-- This site is optimized with the Yoast SEO plugin v26.9 - https:\/\/yoast.com\/product\/yoast-seo-wordpress\/ -->\n<title>\u00c0 propos | StudioByClo | Photographe \u00e0 Montr\u00e9al<\/title>\n<meta name=\"description\" content=\"D\u00e9couvrez qui est Clothilde, photographe \u00e0 Montr\u00e9al passionn\u00e9e de voyages, portraits et images authentiques.\" \/>\n<meta name=\"robots\" content=\"index, follow, max-snippet:-1, max-image-preview:large, max-video-preview:-1\" \/>\n<link rel=\"canonical\" href=\"https:\/\/studiobyclo.com\/en\/a-propos\/\" \/>\n<meta property=\"og:locale\" content=\"en_US\" \/>\n<meta property=\"og:type\" content=\"article\" \/>\n<meta property=\"og:title\" content=\"\u00c0 propos | StudioByClo | Photographe \u00e0 Montr\u00e9al\" \/>\n<meta property=\"og:description\" content=\"D\u00e9couvrez qui est Clothilde, photographe \u00e0 Montr\u00e9al passionn\u00e9e de voyages, portraits et images authentiques.\" \/>\n<meta property=\"og:url\" content=\"https:\/\/studiobyclo.com\/en\/a-propos\/\" \/>\n<meta property=\"og:site_name\" content=\"Studio by Clo\" \/>\n<meta property=\"article:modified_time\" content=\"2026-03-24T16:56:30+00:00\" \/>\n<meta property=\"og:image\" content=\"https:\/\/studiobyclo.com\/wp-content\/uploads\/2026\/03\/Clo-03-2026_0030-Petit-1.jpeg\" \/>\n\t<meta property=\"og:image:width\" content=\"1\" \/>\n\t<meta property=\"og:image:height\" content=\"1\" \/>\n\t<meta property=\"og:image:type\" content=\"image\/jpeg\" \/>\n<meta name=\"twitter:card\" content=\"summary_large_image\" \/>\n<meta name=\"twitter:label1\" content=\"Est. reading time\" \/>\n\t<meta name=\"twitter:data1\" content=\"3 minutes\" \/>\n<script type=\"application\/ld+json\" class=\"yoast-schema-graph\">{\"@context\":\"https:\/\/schema.org\",\"@graph\":[{\"@type\":\"WebPage\",\"@id\":\"https:\/\/studiobyclo.com\/a-propos\/\",\"url\":\"https:\/\/studiobyclo.com\/a-propos\/\",\"name\":\"\u00c0 propos | StudioByClo | Photographe \u00e0 Montr\u00e9al\",\"isPartOf\":{\"@id\":\"https:\/\/studiobyclo.com\/#website\"},\"primaryImageOfPage\":{\"@id\":\"https:\/\/studiobyclo.com\/a-propos\/#primaryimage\"},\"image\":{\"@id\":\"https:\/\/studiobyclo.com\/a-propos\/#primaryimage\"},\"thumbnailUrl\":\"https:\/\/studiobyclo.com\/wp-content\/uploads\/2026\/03\/Clo-03-2026_0030-Petit-1.jpeg\",\"datePublished\":\"2021-03-17T21:38:46+00:00\",\"dateModified\":\"2026-03-24T16:56:30+00:00\",\"description\":\"D\u00e9couvrez qui est Clothilde, photographe \u00e0 Montr\u00e9al passionn\u00e9e de voyages, portraits et images authentiques.\",\"breadcrumb\":{\"@id\":\"https:\/\/studiobyclo.com\/a-propos\/#breadcrumb\"},\"inLanguage\":\"en-US\",\"potentialAction\":[{\"@type\":\"ReadAction\",\"target\":[\"https:\/\/studiobyclo.com\/a-propos\/\"]}]},{\"@type\":\"ImageObject\",\"inLanguage\":\"en-US\",\"@id\":\"https:\/\/studiobyclo.com\/a-propos\/#primaryimage\",\"url\":\"https:\/\/studiobyclo.com\/wp-content\/uploads\/2026\/03\/Clo-03-2026_0030-Petit-1.jpeg\",\"contentUrl\":\"https:\/\/studiobyclo.com\/wp-content\/uploads\/2026\/03\/Clo-03-2026_0030-Petit-1.jpeg\"},{\"@type\":\"BreadcrumbList\",\"@id\":\"https:\/\/studiobyclo.com\/a-propos\/#breadcrumb\",\"itemListElement\":[{\"@type\":\"ListItem\",\"position\":1,\"name\":\"Accueil\",\"item\":\"https:\/\/studiobyclo.com\/\"},{\"@type\":\"ListItem\",\"position\":2,\"name\":\"A propos\"}]},{\"@type\":\"WebSite\",\"@id\":\"https:\/\/studiobyclo.com\/#website\",\"url\":\"https:\/\/studiobyclo.com\/\",\"name\":\"Studio by Clo\",\"description\":\"Inspired by you\",\"publisher\":{\"@id\":\"https:\/\/studiobyclo.com\/#\/schema\/person\/78dc904523121d4d19489ad737594e64\"},\"potentialAction\":[{\"@type\":\"SearchAction\",\"target\":{\"@type\":\"EntryPoint\",\"urlTemplate\":\"https:\/\/studiobyclo.com\/?s={search_term_string}\"},\"query-input\":{\"@type\":\"PropertyValueSpecification\",\"valueRequired\":true,\"valueName\":\"search_term_string\"}}],\"inLanguage\":\"en-US\"},{\"@type\":[\"Person\",\"Organization\"],\"@id\":\"https:\/\/studiobyclo.com\/#\/schema\/person\/78dc904523121d4d19489ad737594e64\",\"name\":\"clothilde19\",\"image\":{\"@type\":\"ImageObject\",\"inLanguage\":\"en-US\",\"@id\":\"https:\/\/studiobyclo.com\/#\/schema\/person\/image\/\",\"url\":\"https:\/\/studiobyclo.com\/wp-content\/uploads\/2021\/04\/cropped-cropped-Logo-Studio-by-Clo.png\",\"contentUrl\":\"https:\/\/studiobyclo.com\/wp-content\/uploads\/2021\/04\/cropped-cropped-Logo-Studio-by-Clo.png\",\"width\":307,\"height\":142,\"caption\":\"clothilde19\"},\"logo\":{\"@id\":\"https:\/\/studiobyclo.com\/#\/schema\/person\/image\/\"},\"sameAs\":[\"http:\/\/192.168.64.2\/dashboard\/mes%20wordpress\/StudioByClo\"]}]}<\/script>\n<!-- \/ Yoast SEO plugin. -->","yoast_head_json":{"title":"\u00c0 propos | StudioByClo | Photographe \u00e0 Montr\u00e9al","description":"D\u00e9couvrez qui est Clothilde, photographe \u00e0 Montr\u00e9al passionn\u00e9e de voyages, portraits et images authentiques.","robots":{"index":"index","follow":"follow","max-snippet":"max-snippet:-1","max-image-preview":"max-image-preview:large","max-video-preview":"max-video-preview:-1"},"canonical":"https:\/\/studiobyclo.com\/en\/a-propos\/","og_locale":"en_US","og_type":"article","og_title":"\u00c0 propos | StudioByClo | Photographe \u00e0 Montr\u00e9al","og_description":"D\u00e9couvrez qui est Clothilde, photographe \u00e0 Montr\u00e9al passionn\u00e9e de voyages, portraits et images authentiques.","og_url":"https:\/\/studiobyclo.com\/en\/a-propos\/","og_site_name":"Studio by Clo","article_modified_time":"2026-03-24T16:56:30+00:00","og_image":[{"url":"https:\/\/studiobyclo.com\/wp-content\/uploads\/2026\/03\/Clo-03-2026_0030-Petit-1.jpeg","width":1,"height":1,"type":"image\/jpeg"}],"twitter_card":"summary_large_image","twitter_misc":{"Est. reading time":"3 minutes"},"schema":{"@context":"https:\/\/schema.org","@graph":[{"@type":"WebPage","@id":"https:\/\/studiobyclo.com\/a-propos\/","url":"https:\/\/studiobyclo.com\/a-propos\/","name":"\u00c0 propos | StudioByClo | Photographe \u00e0 Montr\u00e9al","isPartOf":{"@id":"https:\/\/studiobyclo.com\/#website"},"primaryImageOfPage":{"@id":"https:\/\/studiobyclo.com\/a-propos\/#primaryimage"},"image":{"@id":"https:\/\/studiobyclo.com\/a-propos\/#primaryimage"},"thumbnailUrl":"https:\/\/studiobyclo.com\/wp-content\/uploads\/2026\/03\/Clo-03-2026_0030-Petit-1.jpeg","datePublished":"2021-03-17T21:38:46+00:00","dateModified":"2026-03-24T16:56:30+00:00","description":"D\u00e9couvrez qui est Clothilde, photographe \u00e0 Montr\u00e9al passionn\u00e9e de voyages, portraits et images authentiques.","breadcrumb":{"@id":"https:\/\/studiobyclo.com\/a-propos\/#breadcrumb"},"inLanguage":"en-US","potentialAction":[{"@type":"ReadAction","target":["https:\/\/studiobyclo.com\/a-propos\/"]}]},{"@type":"ImageObject","inLanguage":"en-US","@id":"https:\/\/studiobyclo.com\/a-propos\/#primaryimage","url":"https:\/\/studiobyclo.com\/wp-content\/uploads\/2026\/03\/Clo-03-2026_0030-Petit-1.jpeg","contentUrl":"https:\/\/studiobyclo.com\/wp-content\/uploads\/2026\/03\/Clo-03-2026_0030-Petit-1.jpeg"},{"@type":"BreadcrumbList","@id":"https:\/\/studiobyclo.com\/a-propos\/#breadcrumb","itemListElement":[{"@type":"ListItem","position":1,"name":"Accueil","item":"https:\/\/studiobyclo.com\/"},{"@type":"ListItem","position":2,"name":"A propos"}]},{"@type":"WebSite","@id":"https:\/\/studiobyclo.com\/#website","url":"https:\/\/studiobyclo.com\/","name":"Studio by Clo","description":"Inspired by you","publisher":{"@id":"https:\/\/studiobyclo.com\/#\/schema\/person\/78dc904523121d4d19489ad737594e64"},"potentialAction":[{"@type":"SearchAction","target":{"@type":"EntryPoint","urlTemplate":"https:\/\/studiobyclo.com\/?s={search_term_string}"},"query-input":{"@type":"PropertyValueSpecification","valueRequired":true,"valueName":"search_term_string"}}],"inLanguage":"en-US"},{"@type":["Person","Organization"],"@id":"https:\/\/studiobyclo.com\/#\/schema\/person\/78dc904523121d4d19489ad737594e64","name":"clothilde19","image":{"@type":"ImageObject","inLanguage":"en-US","@id":"https:\/\/studiobyclo.com\/#\/schema\/person\/image\/","url":"https:\/\/studiobyclo.com\/wp-content\/uploads\/2021\/04\/cropped-cropped-Logo-Studio-by-Clo.png","contentUrl":"https:\/\/studiobyclo.com\/wp-content\/uploads\/2021\/04\/cropped-cropped-Logo-Studio-by-Clo.png","width":307,"height":142,"caption":"clothilde19"},"logo":{"@id":"https:\/\/studiobyclo.com\/#\/schema\/person\/image\/"},"sameAs":["http:\/\/192.168.64.2\/dashboard\/mes%20wordpress\/StudioByClo"]}]}},"_links":{"self":[{"href":"https:\/\/studiobyclo.com\/en\/wp-json\/wp\/v2\/pages\/21","targetHints":{"allow":["GET"]}}],"collection":[{"href":"https:\/\/studiobyclo.com\/en\/wp-json\/wp\/v2\/pages"}],"about":[{"href":"https:\/\/studiobyclo.com\/en\/wp-json\/wp\/v2\/types\/page"}],"author":[{"embeddable":true,"href":"https:\/\/studiobyclo.com\/en\/wp-json\/wp\/v2\/users\/1"}],"replies":[{"embeddable":true,"href":"https:\/\/studiobyclo.com\/en\/wp-json\/wp\/v2\/comments?post=21"}],"version-history":[{"count":41,"href":"https:\/\/studiobyclo.com\/en\/wp-json\/wp\/v2\/pages\/21\/revisions"}],"predecessor-version":[{"id":810,"href":"https:\/\/studiobyclo.com\/en\/wp-json\/wp\/v2\/pages\/21\/revisions\/810"}],"wp:attachment":[{"href":"https:\/\/studiobyclo.com\/en\/wp-json\/wp\/v2\/media?parent=21"}],"curies":[{"name":"wp","href":"https:\/\/api.w.org\/{rel}","templated":true}]}}